{"id":2662,"date":"2021-07-09T11:28:31","date_gmt":"2021-07-09T02:28:31","guid":{"rendered":"https:\/\/obitsu.co.jp\/doll-division\/?page_id=2662"},"modified":"2021-11-01T18:06:37","modified_gmt":"2021-11-01T09:06:37","slug":"obikyu","status":"publish","type":"page","link":"https:\/\/obitsu.co.jp\/doll-division\/obitsu-body-and-parts\/other\/obikyu\/","title":{"rendered":"\u30aa\u30d3\u7403"},"content":{"rendered":"<p>\u30aa\u30d3\u30c4\u88fd\u4f5c\u6240\u304c\u9577\u5e74\u57f9\u3063\u305f\u95a2\u7bc0\u53ef\u52d5\u6280\u8853\u3092\u7528\u3044\u305f\u6c4e\u7528\u6027\u306e\u9ad8\u3044\u7403\u4f53\u95a2\u7bc0\u3002<br \/>\n\u5f15\u3063\u639b\u304b\u308a\u304c\u306a\u304f\u3001\u9069\u5ea6\u306a\u5f37\u5ea6\u3092\u6301\u3063\u305f\u30b9\u30e0\u30fc\u30ba\u306a\u53ef\u52d5\u304c\u7279\u5fb4\u3067\u3059\u3002<br \/>\n\u30aa\u30b9\u5074(ABS\u88fd)\u3068\u30e1\u30b9\u5074(POM\u88fd)\u3092\u306f\u3081\u8fbc\u3080\u3060\u3051\u306e\u7c21\u5358\u69cb\u9020\uff01<br \/>\n\u5e02\u8ca9\u30d5\u30a3\u30ae\u30e5\u30a2\u306e\u95a2\u7bc0\u306e\u4ea4\u63db\u7528\u306b\u3001\u81ea\u4f5c\u30d5\u30a3\u30ae\u30e5\u30a2\u306e\u95a2\u7bc0\u90e8\u306b\u3001\u5e45\u5e83\u304f\u304a\u4f7f\u3044\u9802\u3051\u307e\u3059\u3002<\/p>\n<p>\u8ef8\u5f84\u306f\u5168\u30663mm\u8ef8\u3002<br \/>\n\u7403\u5f84 10mm\u00d72 8mm\u00d76 6mm\u00d78\u3000\u304c\u30bb\u30c3\u30c8\u306b\u306a\u3063\u3066\u3044\u307e\u3059\u3002<\/p>\n<p><font color=\"red\"><b>\u203b\u30aa\u30d3\u30c411cm\u30dc\u30c7\u30a3\u3092\u59cb\u3081\u3001\u5168\u3066\u306eOBITSUBODY\u3068\u306e\u4e92\u63db\u6027\u306f\u3042\u308a\u307e\u305b\u3093\u3002<\/b><\/font><\/p>\n","protected":false},"excerpt":{"rendered":"<p>\u30aa\u30d3\u30c4\u88fd\u4f5c\u6240\u304c\u9577\u5e74\u57f9\u3063\u305f\u95a2\u7bc0\u53ef\u52d5\u6280\u8853\u3092\u7528\u3044\u305f\u6c4e\u7528\u6027\u306e\u9ad8\u3044\u7403\u4f53\u95a2\u7bc0\u3002 \u5f15\u3063\u639b\u304b\u308a\u304c\u306a\u304f\u3001\u9069\u5ea6\u306a\u5f37\u5ea6\u3092\u6301\u3063\u305f\u30b9\u30e0\u30fc\u30ba\u306a\u53ef\u52d5\u304c\u7279\u5fb4\u3067\u3059\u3002 \u30aa\u30b9\u5074(ABS\u88fd)\u3068\u30e1\u30b9\u5074(POM\u88fd)\u3092\u306f\u3081\u8fbc\u3080\u3060\u3051\u306e\u7c21\u5358\u69cb\u9020\uff01 \u5e02\u8ca9\u30d5\u30a3\u30ae\u30e5\u30a2\u306e\u95a2\u7bc0\u306e [&hellip;]<\/p>\n","protected":false},"author":3,"featured_media":0,"parent":2491,"menu_order":0,"comment_status":"closed","ping_status":"closed","template":"page-body-and-parts.php","meta":{"_acf_changed":false,"footnotes":""},"class_list":["post-2662","page","type-page","status-publish","hentry"],"acf":[],"aioseo_notices":[],"_links":{"self":[{"href":"https:\/\/obitsu.co.jp\/doll-division\/wp-json\/wp\/v2\/pages\/2662","targetHints":{"allow":["GET"]}}],"collection":[{"href":"https:\/\/obitsu.co.jp\/doll-division\/wp-json\/wp\/v2\/pages"}],"about":[{"href":"https:\/\/obitsu.co.jp\/doll-division\/wp-json\/wp\/v2\/types\/page"}],"author":[{"embeddable":true,"href":"https:\/\/obitsu.co.jp\/doll-division\/wp-json\/wp\/v2\/users\/3"}],"replies":[{"embeddable":true,"href":"https:\/\/obitsu.co.jp\/doll-division\/wp-json\/wp\/v2\/comments?post=2662"}],"version-history":[{"count":4,"href":"https:\/\/obitsu.co.jp\/doll-division\/wp-json\/wp\/v2\/pages\/2662\/revisions"}],"predecessor-version":[{"id":3762,"href":"https:\/\/obitsu.co.jp\/doll-division\/wp-json\/wp\/v2\/pages\/2662\/revisions\/3762"}],"up":[{"embeddable":true,"href":"https:\/\/obitsu.co.jp\/doll-division\/wp-json\/wp\/v2\/pages\/2491"}],"wp:attachment":[{"href":"https:\/\/obitsu.co.jp\/doll-division\/wp-json\/wp\/v2\/media?parent=2662"}],"curies":[{"name":"wp","href":"https:\/\/api.w.org\/{rel}","templated":true}]}}